{"id":11,"date":"2024-07-09T22:31:16","date_gmt":"2024-07-09T22:31:16","guid":{"rendered":"http:\/\/hotelespanaperu.com\/servicios\/"},"modified":"2024-07-09T22:31:24","modified_gmt":"2024-07-09T22:31:24","slug":"servicios","status":"publish","type":"page","link":"https:\/\/hotelespanaperu.com\/es\/servicios\/","title":{"rendered":"Servicios"},"content":{"rendered":"<div class=\"wp-block-group alignfull has-background-background-color has-background has-global-padding is-layout-constrained wp-container-core-group-is-layout-3 wp-block-group-is-layout-constrained\" style=\"margin-top:0;margin-bottom:0;padding-top:0;padding-right:0;padding-left:0\">\n<div class=\"wp-block-cover alignfull extendify-image-import\" style=\"padding-top:0;padding-right:var(--wp--preset--spacing--30);padding-bottom:0;padding-left:var(--wp--preset--spacing--30);min-height:50px;aspect-ratio:unset;\"><span aria-hidden=\"true\" class=\"wp-block-cover__background has-black-background-color has-background-dim-60 has-background-dim\"><\/span><img decoding=\"async\" class=\"wp-block-cover__image-background\" alt=\"\" src=\"https:\/\/images.unsplash.com\/photo-1596436889106-be35e843f974?fit=crop&amp;crop=entropy%2Cfaces&amp;auto=format%2Ccompress&amp;w=1280\" data-object-fit=\"cover\"\/><div class=\"wp-block-cover__inner-container is-layout-flow wp-block-cover-is-layout-flow\">\n<div class=\"wp-block-group has-global-padding is-layout-constrained wp-block-group-is-layout-constrained\" style=\"padding-top:var(--wp--preset--spacing--60);padding-bottom:var(--wp--preset--spacing--60)\">\n<div class=\"wp-block-group alignwide has-global-padding is-content-justification-center is-layout-constrained wp-block-group-is-layout-constrained\">\n<h1 class=\"wp-block-heading has-text-align-center has-text-color has-x-large-font-size\" style=\"color:#fffffffc\">Disfrute de nuestros servicios exclusivos<\/h1>\n\n\n\n<p class=\"has-text-align-center has-text-color\" style=\"color:#fffffffc;margin-top:16px\">Nuestros servicios de primera clase para una estancia inolvidable en el coraz\u00f3n de Lima.<\/p>\n<\/div>\n<\/div>\n<\/div><\/div>\n<\/div>\n\n<div class=\"wp-block-group alignfull has-background-background-color has-background has-global-padding is-layout-constrained wp-container-core-group-is-layout-8 wp-block-group-is-layout-constrained\" style=\"margin-top:0;margin-bottom:0;padding-top:var(--wp--preset--spacing--60);padding-right:var(--wp--preset--spacing--30);padding-bottom:var(--wp--preset--spacing--60);padding-left:var(--wp--preset--spacing--30)\">\n<div class=\"wp-block-group alignwide has-global-padding is-content-justification-left is-layout-constrained wp-container-core-group-is-layout-4 wp-block-group-is-layout-constrained\">\n<h2 class=\"wp-block-heading has-large-font-size\">Nuestros Servicios Exclusivos<\/h2>\n\n\n\n<p style=\"margin-top:16px\">En Hotel Espa\u00f1a Peru, nos esforzamos por brindar a nuestros hu\u00e9spedes una experiencia excepcional. Nuestros servicios est\u00e1n dise\u00f1ados para que su estancia sea c\u00f3moda, conveniente y memorable.<\/p>\n<\/div>\n\n\n\n<div class=\"wp-block-columns alignwide are-vertically-aligned-top is-layout-flex wp-container-core-columns-is-layout-1 wp-block-columns-is-layout-flex\">\n<div class=\"wp-block-column is-vertically-aligned-top is-layout-flow wp-block-column-is-layout-flow\">\n<div class=\"wp-block-group has-global-padding is-layout-constrained wp-block-group-is-layout-constrained\">\n<h3 class=\"wp-block-heading\" style=\"font-size:clamp(14px, 0.875rem + ((1vw - 3.2px) * 0.625), 20px);line-height:1.5\">Habitaciones Elegantes<\/h3>\n\n\n\n<p class=\"has-small-font-size\" style=\"margin-top:8px\">Habitaciones elegantes con todas las comodidades necesarias para una estancia inolvidable.<\/p>\n<\/div>\n\n\n\n<div class=\"wp-block-group has-global-padding is-layout-constrained wp-block-group-is-layout-constrained\">\n<h3 class=\"wp-block-heading\" style=\"font-size:clamp(14px, 0.875rem + ((1vw - 3.2px) * 0.625), 20px);line-height:1.5\">Spa y Bienestar<\/h3>\n\n\n\n<p class=\"has-small-font-size\" style=\"margin-top:8px\">Disfrute de nuestro spa con tratamientos relajantes y rejuvenecedores.<\/p>\n<\/div>\n\n\n\n<div class=\"wp-block-group has-global-padding is-layout-constrained wp-block-group-is-layout-constrained\">\n<h3 class=\"wp-block-heading\" style=\"font-size:clamp(14px, 0.875rem + ((1vw - 3.2px) * 0.625), 20px);line-height:1.5\">Restaurante Gourmet<\/h3>\n\n\n\n<p class=\"has-small-font-size\" style=\"margin-top:8px\">Nuestro restaurante ofrece gastronom\u00eda gourmet y una amplia selecci\u00f3n de vinos.<\/p>\n<\/div>\n<\/div>\n\n\n\n<div class=\"wp-block-column is-vertically-aligned-top is-layout-flow wp-block-column-is-layout-flow\">\n<figure class=\"wp-block-image ext-aspect-landscape extendify-image-import\"><img decoding=\"async\" src=\"https:\/\/images.unsplash.com\/photo-1596436889106-be35e843f974?fit=crop&amp;crop=entropy%2Cfaces&amp;auto=format%2Ccompress&amp;w=1280\" alt=\"\" style=\"aspect-ratio:4\/3;object-fit:cover\"\/><\/figure>\n<\/div>\n<\/div>\n<\/div>\n\n<div class=\"wp-block-group alignfull has-background-background-color has-background has-global-padding is-layout-constrained wp-container-core-group-is-layout-13 wp-block-group-is-layout-constrained\" style=\"margin-top:0;margin-bottom:0;padding-top:var(--wp--preset--spacing--60);padding-right:var(--wp--preset--spacing--30);padding-bottom:var(--wp--preset--spacing--60);padding-left:var(--wp--preset--spacing--30)\">\n<div class=\"wp-block-columns alignwide are-vertically-aligned-center is-layout-flex wp-container-core-columns-is-layout-4 wp-block-columns-is-layout-flex\">\n<div class=\"wp-block-column is-vertically-aligned-center is-layout-flow wp-container-core-column-is-layout-7 wp-block-column-is-layout-flow\">\n<div class=\"wp-block-group alignwide has-global-padding is-content-justification-left is-layout-constrained wp-container-core-group-is-layout-9 wp-block-group-is-layout-constrained\">\n<h2 class=\"wp-block-heading has-large-font-size\">Nuestras cifras de excelencia<\/h2>\n\n\n\n<p style=\"margin-top:16px\">En Hotel Espa\u00f1a Peru, nos complace compartir algunas de nuestras estad\u00edsticas clave con nuestros hu\u00e9spedes. Estos n\u00fameros reflejan nuestra dedicaci\u00f3n a ofrecer una experiencia excepcional y garantizar su satisfacci\u00f3n durante su estancia con nosotros.<\/p>\n<\/div>\n\n\n\n<div class=\"wp-block-columns alignwide is-layout-flex wp-container-core-columns-is-layout-2 wp-block-columns-is-layout-flex\">\n<div class=\"wp-block-column is-layout-flow wp-block-column-is-layout-flow\">\n<h3 class=\"wp-block-heading has-text-align-left has-primary-color has-text-color has-large-font-size\">100+<\/h3>\n\n\n\n<h3 class=\"wp-block-heading has-text-align-left has-medium-font-size\" style=\"margin-top:16px\">Elegantes habitaciones<\/h3>\n\n\n\n<p class=\"has-text-align-left has-small-font-size\" style=\"margin-top:8px\">Descanse en nuestras elegantes habitaciones para una estancia inolvidable.<\/p>\n<\/div>\n\n\n\n<div class=\"wp-block-column is-layout-flow wp-block-column-is-layout-flow\">\n<h3 class=\"wp-block-heading has-text-align-left has-primary-color has-text-color has-large-font-size\">5<\/h3>\n\n\n\n<h3 class=\"wp-block-heading has-text-align-left has-medium-font-size\" style=\"margin-top:16px\">Spa de lujo<\/h3>\n\n\n\n<p class=\"has-text-align-left has-small-font-size\" style=\"margin-top:8px\">Rel\u00e1jese y rejuvenezca en nuestro exclusivo spa con tratamientos de lujo.<\/p>\n<\/div>\n<\/div>\n\n\n\n<div class=\"wp-block-columns alignwide is-layout-flex wp-container-core-columns-is-layout-3 wp-block-columns-is-layout-flex\">\n<div class=\"wp-block-column is-layout-flow wp-block-column-is-layout-flow\">\n<h3 class=\"wp-block-heading has-text-align-left has-primary-color has-text-color has-large-font-size\">4000+<\/h3>\n\n\n\n<h3 class=\"wp-block-heading has-text-align-left has-medium-font-size\" style=\"margin-top:16px\">Restaurante gourmet<\/h3>\n\n\n\n<p class=\"has-text-align-left has-small-font-size\" style=\"margin-top:8px\">Disfrute de una experiencia culinaria excepcional en nuestro restaurante gourmet.<\/p>\n<\/div>\n\n\n\n<div class=\"wp-block-column is-layout-flow wp-block-column-is-layout-flow\">\n<h3 class=\"wp-block-heading has-text-align-left has-primary-color has-text-color has-large-font-size\">95%<\/h3>\n\n\n\n<h3 class=\"wp-block-heading has-text-align-left has-medium-font-size\" style=\"margin-top:16px\">C\u00e1lida hospitalidad<\/h3>\n\n\n\n<p class=\"has-text-align-left has-small-font-size\" style=\"margin-top:8px\">Nuestro personal amable y atento le brindar\u00e1 la aut\u00e9ntica hospitalidad peruana.<\/p>\n<\/div>\n<\/div>\n<\/div>\n\n\n\n<div class=\"wp-block-column is-vertically-aligned-center is-layout-flow wp-container-core-column-is-layout-8 wp-block-column-is-layout-flow\">\n<figure class=\"wp-block-image extendify-image-import\"><img decoding=\"async\" src=\"https:\/\/images.unsplash.com\/photo-1687360440491-702812c5728c?fit=crop&amp;crop=entropy%2Cfaces&amp;auto=format%2Ccompress&amp;w=1280\" alt=\"\" style=\"aspect-ratio:4\/3;object-fit:cover\"\/><\/figure>\n\n\n\n<div class=\"wp-block-group has-tertiary-background-color has-background has-global-padding is-layout-constrained wp-container-core-group-is-layout-12 wp-block-group-is-layout-constrained\" style=\"padding-top:var(--wp--preset--spacing--30);padding-right:24px;padding-bottom:var(--wp--preset--spacing--30);padding-left:24px\">\n<p>El servicio impecable y las instalaciones de ensue\u00f1o hicieron que mi estancia fuera inolvidable.<\/p>\n\n\n\n<div class=\"wp-block-group is-nowrap is-layout-flex wp-container-core-group-is-layout-11 wp-block-group-is-layout-flex\">\n<div class=\"wp-block-group has-global-padding is-layout-constrained wp-block-group-is-layout-constrained\">\n<h4 class=\"wp-block-heading has-text-align-left has-small-font-size\">Turista<\/h4>\n\n\n\n<p class=\"has-text-align-left has-small-font-size\" style=\"margin-top:2px\">Gerente de Marketing<\/p>\n<\/div>\n<\/div>\n<\/div>\n<\/div>\n<\/div>\n<\/div>\n\n<div class=\"wp-block-group alignfull has-background-background-color has-background has-global-padding is-layout-constrained wp-container-core-group-is-layout-16 wp-block-group-is-layout-constrained\" style=\"margin-top:0;margin-bottom:0;padding-top:var(--wp--preset--spacing--60);padding-right:var(--wp--preset--spacing--30);padding-bottom:var(--wp--preset--spacing--60);padding-left:var(--wp--preset--spacing--30)\">\n<div class=\"wp-block-group alignwide has-tertiary-background-color has-background is-content-justification-space-between is-layout-flex wp-container-core-group-is-layout-15 wp-block-group-is-layout-flex\" style=\"padding-top:var(--wp--preset--spacing--50);padding-right:var(--wp--preset--spacing--50);padding-bottom:var(--wp--preset--spacing--50);padding-left:var(--wp--preset--spacing--50)\">\n<div class=\"wp-block-group has-global-padding is-layout-constrained wp-block-group-is-layout-constrained\">\n<h2 class=\"wp-block-heading has-large-font-size\">Reserva tu estad\u00eda en Hotel Espa\u00f1a Peru<\/h2>\n\n\n\n<p style=\"margin-top:16px\">No pierdas la oportunidad de disfrutar de una estancia inolvidable en Hotel Espa\u00f1a Peru. \u00a1Reserva ahora y asegura tu habitaci\u00f3n en nuestro encantador hotel!<\/p>\n<\/div>\n\n\n\n<div class=\"wp-block-buttons is-content-justification-left is-layout-flex wp-container-core-buttons-is-layout-1 wp-block-buttons-is-layout-flex\">\n<div class=\"wp-block-button is-style-outline is-style-outline--1\"><a class=\"wp-block-button__link wp-element-button\" href=\"\/es\/contacto\/\">Descubre m\u00e1s<\/a><\/div>\n\n\n\n<div class=\"wp-block-button\"><a class=\"wp-block-button__link wp-element-button\" href=\"\/es\/contacto\/\">Reserva ahora<\/a><\/div>\n<\/div>\n<\/div>\n<\/div>","protected":false},"excerpt":{"rendered":"<p>Nuestros Servicios Exclusivos En Hotel Espa\u00f1a Peru, nos esforzamos por brindar a nuestros hu\u00e9spedes una experiencia excepcional. Nuestros servicios est\u00e1n dise\u00f1ados para que su estancia sea c\u00f3moda, conveniente y memorable. Habitaciones Elegantes Habitaciones elegantes con todas las comodidades necesarias para una estancia inolvidable. Spa y Bienestar Disfrute de nuestro spa con tratamientos relajantes y rejuvenecedores. [&hellip;]<\/p>","protected":false},"author":1,"featured_media":0,"parent":0,"menu_order":0,"comment_status":"closed","ping_status":"closed","template":"no-title","meta":{"_monsterinsights_skip_tracking":false,"_monsterinsights_sitenote_active":false,"_monsterinsights_sitenote_note":"","_monsterinsights_sitenote_category":0,"footnotes":""},"class_list":["post-11","page","type-page","status-publish","hentry"],"aioseo_notices":[],"_links":{"self":[{"href":"https:\/\/hotelespanaperu.com\/es\/wp-json\/wp\/v2\/pages\/11","targetHints":{"allow":["GET"]}}],"collection":[{"href":"https:\/\/hotelespanaperu.com\/es\/wp-json\/wp\/v2\/pages"}],"about":[{"href":"https:\/\/hotelespanaperu.com\/es\/wp-json\/wp\/v2\/types\/page"}],"author":[{"embeddable":true,"href":"https:\/\/hotelespanaperu.com\/es\/wp-json\/wp\/v2\/users\/1"}],"replies":[{"embeddable":true,"href":"https:\/\/hotelespanaperu.com\/es\/wp-json\/wp\/v2\/comments?post=11"}],"version-history":[{"count":1,"href":"https:\/\/hotelespanaperu.com\/es\/wp-json\/wp\/v2\/pages\/11\/revisions"}],"predecessor-version":[{"id":17,"href":"https:\/\/hotelespanaperu.com\/es\/wp-json\/wp\/v2\/pages\/11\/revisions\/17"}],"wp:attachment":[{"href":"https:\/\/hotelespanaperu.com\/es\/wp-json\/wp\/v2\/media?parent=11"}],"curies":[{"name":"wp","href":"https:\/\/api.w.org\/{rel}","templated":true}]}}